{"id":364,"date":"2025-11-23T11:02:53","date_gmt":"2025-11-23T11:02:53","guid":{"rendered":"https:\/\/catalyseur-fap-maroc.com\/?post_type=product&#038;p=364"},"modified":"2025-11-23T11:02:53","modified_gmt":"2025-11-23T11:02:53","slug":"analyse-complete-du-moteur-abs-airbag-electronique-capteurs-et-lecture-des-codes-defauts","status":"publish","type":"product","link":"https:\/\/nettoyagecatalyseurfap.com\/ar\/product\/analyse-complete-du-moteur-abs-airbag-electronique-capteurs-et-lecture-des-codes-defauts\/","title":{"rendered":"Diagnostic Auto OBD2"},"content":{"rendered":"<p>Diagnostic Auto OBD2<br \/>\nAnalyse compl\u00e8te du moteur, ABS, airbag, \u00e9lectronique, capteurs et lecture des codes d\u00e9fauts.<\/p>","protected":false},"excerpt":{"rendered":"<p>Analyse compl\u00e8te du moteur, ABS, airbag, \u00e9lectronique, capteurs et lecture des codes d\u00e9fauts.<\/p>","protected":false},"featured_media":240,"template":"","meta":{"site-sidebar-layout":"default","site-content-layout":"","ast-site-content-layout":"default","site-content-style":"default","site-sidebar-style":"default","ast-global-header-display":"","ast-banner-title-visibility":"","ast-main-header-display":"","ast-hfb-above-header-display":"","ast-hfb-below-header-display":"","ast-hfb-mobile-header-display":"","site-post-title":"","ast-breadcrumbs-content":"","ast-featured-img":"","footer-sml-layout":"","theme-transparent-header-meta":"default","adv-header-id-meta":"","stick-header-meta":"","header-above-stick-meta":"","header-main-stick-meta":"","header-below-stick-meta":"","astra-migrate-meta-layouts":"set","ast-page-background-enabled":"default","ast-page-background-meta":{"desktop":{"background-color":"var(--ast-global-color-5)","background-image":"","background-repeat":"repeat","background-position":"center center","background-size":"auto","background-attachment":"scroll","background-type":"","background-media":"","overlay-type":"","overlay-color":"","overlay-opacity":"","overlay-gradient":""},"tablet":{"background-color":"","background-image":"","background-repeat":"repeat","background-position":"center center","background-size":"auto","background-attachment":"scroll","background-type":"","background-media":"","overlay-type":"","overlay-color":"","overlay-opacity":"","overlay-gradient":""},"mobile":{"background-color":"","background-image":"","background-repeat":"repeat","background-position":"center center","background-size":"auto","background-attachment":"scroll","background-type":"","background-media":"","overlay-type":"","overlay-color":"","overlay-opacity":"","overlay-gradient":""}},"ast-content-background-meta":{"desktop":{"background-color":"var(--ast-global-color-4)","background-image":"","background-repeat":"repeat","background-position":"center center","background-size":"auto","background-attachment":"scroll","background-type":"","background-media":"","overlay-type":"","overlay-color":"","overlay-opacity":"","overlay-gradient":""},"tablet":{"background-color":"var(--ast-global-color-4)","background-image":"","background-repeat":"repeat","background-position":"center center","background-size":"auto","background-attachment":"scroll","background-type":"","background-media":"","overlay-type":"","overlay-color":"","overlay-opacity":"","overlay-gradient":""},"mobile":{"background-color":"var(--ast-global-color-4)","background-image":"","background-repeat":"repeat","background-position":"center center","background-size":"auto","background-attachment":"scroll","background-type":"","background-media":"","overlay-type":"","overlay-color":"","overlay-opacity":"","overlay-gradient":""}}},"product_brand":[],"product_cat":[15,19],"product_tag":[56],"class_list":{"0":"post-364","1":"product","2":"type-product","3":"status-publish","4":"has-post-thumbnail","6":"product_cat-services","7":"product_cat-diagnostic-auto-obd2","8":"product_tag-diagnostic-auto-obd2","9":"desktop-align-center","10":"tablet-align-left","11":"mobile-align-left","13":"first","14":"instock","15":"shipping-taxable","16":"product-type-simple"},"yoast_head":"<!-- This site is optimized with the Yoast SEO plugin v26.4 - https:\/\/yoast.com\/wordpress\/plugins\/seo\/ -->\n<title>Diagnostic Auto OBD2 - garages catalyseur<\/title>\n<meta name=\"description\" content=\"Diagnostic Auto OBD2\" \/>\n<meta name=\"robots\" content=\"index, follow, max-snippet:-1, max-image-preview:large, max-video-preview:-1\" \/>\n<link rel=\"canonical\" href=\"https:\/\/nettoyagecatalyseurfap.com\/ar\/product\/analyse-complete-du-moteur-abs-airbag-electronique-capteurs-et-lecture-des-codes-defauts\/\" \/>\n<meta property=\"og:locale\" content=\"ar_AR\" \/>\n<meta property=\"og:type\" content=\"article\" \/>\n<meta property=\"og:title\" content=\"Diagnostic Auto OBD2 - garages catalyseur\" \/>\n<meta property=\"og:description\" content=\"Diagnostic Auto OBD2\" \/>\n<meta property=\"og:url\" content=\"https:\/\/nettoyagecatalyseurfap.com\/ar\/product\/analyse-complete-du-moteur-abs-airbag-electronique-capteurs-et-lecture-des-codes-defauts\/\" \/>\n<meta property=\"og:site_name\" content=\"garages catalyseur\" \/>\n<meta property=\"og:image\" content=\"https:\/\/nettoyagecatalyseurfap.com\/wp-content\/uploads\/2025\/11\/encrassement.png\" \/>\n\t<meta property=\"og:image:width\" content=\"960\" \/>\n\t<meta property=\"og:image:height\" content=\"681\" \/>\n\t<meta property=\"og:image:type\" content=\"image\/png\" \/>\n<meta name=\"twitter:card\" content=\"summary_large_image\" \/>\n<meta name=\"twitter:label1\" content=\"Est. reading time\" \/>\n\t<meta name=\"twitter:data1\" content=\"1 minute\" \/>\n<script type=\"application\/ld+json\" class=\"yoast-schema-graph\">{\"@context\":\"https:\/\/schema.org\",\"@graph\":[{\"@type\":\"WebPage\",\"@id\":\"https:\/\/nettoyagecatalyseurfap.com\/produit\/analyse-complete-du-moteur-abs-airbag-electronique-capteurs-et-lecture-des-codes-defauts\/\",\"url\":\"https:\/\/nettoyagecatalyseurfap.com\/produit\/analyse-complete-du-moteur-abs-airbag-electronique-capteurs-et-lecture-des-codes-defauts\/\",\"name\":\"Diagnostic Auto OBD2 - garages catalyseur\",\"isPartOf\":{\"@id\":\"https:\/\/nettoyagecatalyseurfap.com\/#website\"},\"primaryImageOfPage\":{\"@id\":\"https:\/\/nettoyagecatalyseurfap.com\/produit\/analyse-complete-du-moteur-abs-airbag-electronique-capteurs-et-lecture-des-codes-defauts\/#primaryimage\"},\"image\":{\"@id\":\"https:\/\/nettoyagecatalyseurfap.com\/produit\/analyse-complete-du-moteur-abs-airbag-electronique-capteurs-et-lecture-des-codes-defauts\/#primaryimage\"},\"thumbnailUrl\":\"https:\/\/nettoyagecatalyseurfap.com\/wp-content\/uploads\/2025\/11\/encrassement.png\",\"datePublished\":\"2025-11-23T11:02:53+00:00\",\"description\":\"Diagnostic Auto OBD2\",\"breadcrumb\":{\"@id\":\"https:\/\/nettoyagecatalyseurfap.com\/produit\/analyse-complete-du-moteur-abs-airbag-electronique-capteurs-et-lecture-des-codes-defauts\/#breadcrumb\"},\"inLanguage\":\"ary\",\"potentialAction\":[{\"@type\":\"ReadAction\",\"target\":[\"https:\/\/nettoyagecatalyseurfap.com\/produit\/analyse-complete-du-moteur-abs-airbag-electronique-capteurs-et-lecture-des-codes-defauts\/\"]}]},{\"@type\":\"ImageObject\",\"inLanguage\":\"ary\",\"@id\":\"https:\/\/nettoyagecatalyseurfap.com\/produit\/analyse-complete-du-moteur-abs-airbag-electronique-capteurs-et-lecture-des-codes-defauts\/#primaryimage\",\"url\":\"https:\/\/nettoyagecatalyseurfap.com\/wp-content\/uploads\/2025\/11\/encrassement.png\",\"contentUrl\":\"https:\/\/nettoyagecatalyseurfap.com\/wp-content\/uploads\/2025\/11\/encrassement.png\",\"width\":960,\"height\":681},{\"@type\":\"BreadcrumbList\",\"@id\":\"https:\/\/nettoyagecatalyseurfap.com\/produit\/analyse-complete-du-moteur-abs-airbag-electronique-capteurs-et-lecture-des-codes-defauts\/#breadcrumb\",\"itemListElement\":[{\"@type\":\"ListItem\",\"position\":1,\"name\":\"Accueil\",\"item\":\"https:\/\/nettoyagecatalyseurfap.com\/\"},{\"@type\":\"ListItem\",\"position\":2,\"name\":\"Boutique\",\"item\":\"https:\/\/nettoyagecatalyseurfap.com\/boutique\/\"},{\"@type\":\"ListItem\",\"position\":3,\"name\":\"Diagnostic Auto OBD2\"}]},{\"@type\":\"WebSite\",\"@id\":\"https:\/\/nettoyagecatalyseurfap.com\/#website\",\"url\":\"https:\/\/nettoyagecatalyseurfap.com\/\",\"name\":\"garages catalyseur\",\"description\":\"\",\"publisher\":{\"@id\":\"https:\/\/nettoyagecatalyseurfap.com\/#organization\"},\"potentialAction\":[{\"@type\":\"SearchAction\",\"target\":{\"@type\":\"EntryPoint\",\"urlTemplate\":\"https:\/\/nettoyagecatalyseurfap.com\/?s={search_term_string}\"},\"query-input\":{\"@type\":\"PropertyValueSpecification\",\"valueRequired\":true,\"valueName\":\"search_term_string\"}}],\"inLanguage\":\"ary\"},{\"@type\":\"Organization\",\"@id\":\"https:\/\/nettoyagecatalyseurfap.com\/#organization\",\"name\":\"garages catalyseur\",\"url\":\"https:\/\/nettoyagecatalyseurfap.com\/\",\"logo\":{\"@type\":\"ImageObject\",\"inLanguage\":\"ary\",\"@id\":\"https:\/\/nettoyagecatalyseurfap.com\/#\/schema\/logo\/image\/\",\"url\":\"https:\/\/nettoyagecatalyseurfap.com\/wp-content\/uploads\/2025\/11\/cropped-499881295_18311707288230175_7766502969859483890_n.jpg\",\"contentUrl\":\"https:\/\/nettoyagecatalyseurfap.com\/wp-content\/uploads\/2025\/11\/cropped-499881295_18311707288230175_7766502969859483890_n.jpg\",\"width\":112,\"height\":50,\"caption\":\"garages catalyseur\"},\"image\":{\"@id\":\"https:\/\/nettoyagecatalyseurfap.com\/#\/schema\/logo\/image\/\"}}]}<\/script>\n<!-- \/ Yoast SEO plugin. -->","yoast_head_json":{"title":"Diagnostic Auto OBD2 - garages catalyseur","description":"Diagnostic Auto OBD2","robots":{"index":"index","follow":"follow","max-snippet":"max-snippet:-1","max-image-preview":"max-image-preview:large","max-video-preview":"max-video-preview:-1"},"canonical":"https:\/\/nettoyagecatalyseurfap.com\/ar\/product\/analyse-complete-du-moteur-abs-airbag-electronique-capteurs-et-lecture-des-codes-defauts\/","og_locale":"ar_AR","og_type":"article","og_title":"Diagnostic Auto OBD2 - garages catalyseur","og_description":"Diagnostic Auto OBD2","og_url":"https:\/\/nettoyagecatalyseurfap.com\/ar\/product\/analyse-complete-du-moteur-abs-airbag-electronique-capteurs-et-lecture-des-codes-defauts\/","og_site_name":"garages catalyseur","og_image":[{"width":960,"height":681,"url":"https:\/\/nettoyagecatalyseurfap.com\/wp-content\/uploads\/2025\/11\/encrassement.png","type":"image\/png"}],"twitter_card":"summary_large_image","twitter_misc":{"Est. reading time":"1 minute"},"schema":{"@context":"https:\/\/schema.org","@graph":[{"@type":"WebPage","@id":"https:\/\/nettoyagecatalyseurfap.com\/produit\/analyse-complete-du-moteur-abs-airbag-electronique-capteurs-et-lecture-des-codes-defauts\/","url":"https:\/\/nettoyagecatalyseurfap.com\/produit\/analyse-complete-du-moteur-abs-airbag-electronique-capteurs-et-lecture-des-codes-defauts\/","name":"Diagnostic Auto OBD2 - garages catalyseur","isPartOf":{"@id":"https:\/\/nettoyagecatalyseurfap.com\/#website"},"primaryImageOfPage":{"@id":"https:\/\/nettoyagecatalyseurfap.com\/produit\/analyse-complete-du-moteur-abs-airbag-electronique-capteurs-et-lecture-des-codes-defauts\/#primaryimage"},"image":{"@id":"https:\/\/nettoyagecatalyseurfap.com\/produit\/analyse-complete-du-moteur-abs-airbag-electronique-capteurs-et-lecture-des-codes-defauts\/#primaryimage"},"thumbnailUrl":"https:\/\/nettoyagecatalyseurfap.com\/wp-content\/uploads\/2025\/11\/encrassement.png","datePublished":"2025-11-23T11:02:53+00:00","description":"Diagnostic Auto OBD2","breadcrumb":{"@id":"https:\/\/nettoyagecatalyseurfap.com\/produit\/analyse-complete-du-moteur-abs-airbag-electronique-capteurs-et-lecture-des-codes-defauts\/#breadcrumb"},"inLanguage":"ary","potentialAction":[{"@type":"ReadAction","target":["https:\/\/nettoyagecatalyseurfap.com\/produit\/analyse-complete-du-moteur-abs-airbag-electronique-capteurs-et-lecture-des-codes-defauts\/"]}]},{"@type":"ImageObject","inLanguage":"ary","@id":"https:\/\/nettoyagecatalyseurfap.com\/produit\/analyse-complete-du-moteur-abs-airbag-electronique-capteurs-et-lecture-des-codes-defauts\/#primaryimage","url":"https:\/\/nettoyagecatalyseurfap.com\/wp-content\/uploads\/2025\/11\/encrassement.png","contentUrl":"https:\/\/nettoyagecatalyseurfap.com\/wp-content\/uploads\/2025\/11\/encrassement.png","width":960,"height":681},{"@type":"BreadcrumbList","@id":"https:\/\/nettoyagecatalyseurfap.com\/produit\/analyse-complete-du-moteur-abs-airbag-electronique-capteurs-et-lecture-des-codes-defauts\/#breadcrumb","itemListElement":[{"@type":"ListItem","position":1,"name":"Accueil","item":"https:\/\/nettoyagecatalyseurfap.com\/"},{"@type":"ListItem","position":2,"name":"Boutique","item":"https:\/\/nettoyagecatalyseurfap.com\/boutique\/"},{"@type":"ListItem","position":3,"name":"Diagnostic Auto OBD2"}]},{"@type":"WebSite","@id":"https:\/\/nettoyagecatalyseurfap.com\/#website","url":"https:\/\/nettoyagecatalyseurfap.com\/","name":"garages catalyseur","description":"","publisher":{"@id":"https:\/\/nettoyagecatalyseurfap.com\/#organization"},"potentialAction":[{"@type":"SearchAction","target":{"@type":"EntryPoint","urlTemplate":"https:\/\/nettoyagecatalyseurfap.com\/?s={search_term_string}"},"query-input":{"@type":"PropertyValueSpecification","valueRequired":true,"valueName":"search_term_string"}}],"inLanguage":"ary"},{"@type":"Organization","@id":"https:\/\/nettoyagecatalyseurfap.com\/#organization","name":"garages catalyseur","url":"https:\/\/nettoyagecatalyseurfap.com\/","logo":{"@type":"ImageObject","inLanguage":"ary","@id":"https:\/\/nettoyagecatalyseurfap.com\/#\/schema\/logo\/image\/","url":"https:\/\/nettoyagecatalyseurfap.com\/wp-content\/uploads\/2025\/11\/cropped-499881295_18311707288230175_7766502969859483890_n.jpg","contentUrl":"https:\/\/nettoyagecatalyseurfap.com\/wp-content\/uploads\/2025\/11\/cropped-499881295_18311707288230175_7766502969859483890_n.jpg","width":112,"height":50,"caption":"garages catalyseur"},"image":{"@id":"https:\/\/nettoyagecatalyseurfap.com\/#\/schema\/logo\/image\/"}}]}},"_links":{"self":[{"href":"https:\/\/nettoyagecatalyseurfap.com\/ar\/wp-json\/wp\/v2\/product\/364","targetHints":{"allow":["GET"]}}],"collection":[{"href":"https:\/\/nettoyagecatalyseurfap.com\/ar\/wp-json\/wp\/v2\/product"}],"about":[{"href":"https:\/\/nettoyagecatalyseurfap.com\/ar\/wp-json\/wp\/v2\/types\/product"}],"wp:featuredmedia":[{"embeddable":true,"href":"https:\/\/nettoyagecatalyseurfap.com\/ar\/wp-json\/wp\/v2\/media\/240"}],"wp:attachment":[{"href":"https:\/\/nettoyagecatalyseurfap.com\/ar\/wp-json\/wp\/v2\/media?parent=364"}],"wp:term":[{"taxonomy":"product_brand","embeddable":true,"href":"https:\/\/nettoyagecatalyseurfap.com\/ar\/wp-json\/wp\/v2\/product_brand?post=364"},{"taxonomy":"product_cat","embeddable":true,"href":"https:\/\/nettoyagecatalyseurfap.com\/ar\/wp-json\/wp\/v2\/product_cat?post=364"},{"taxonomy":"product_tag","embeddable":true,"href":"https:\/\/nettoyagecatalyseurfap.com\/ar\/wp-json\/wp\/v2\/product_tag?post=364"}],"curies":[{"name":"wp","href":"https:\/\/api.w.org\/{rel}","templated":true}]}}